{"id":3900,"date":"2026-04-03T03:05:52","date_gmt":"2026-04-03T03:05:52","guid":{"rendered":"https:\/\/exclusivecontent.shop\/?post_type=product&#038;p=3900"},"modified":"2026-04-03T03:13:39","modified_gmt":"2026-04-03T03:13:39","slug":"2-layers-dish-drying-rack-countertop-household-dish-storage-holder-kitchen-organizers-and-storage-with-drainboard","status":"publish","type":"product","link":"https:\/\/exclusivecontent.shop\/es\/producto\/2-layers-dish-drying-rack-countertop-household-dish-storage-holder-kitchen-organizers-and-storage-with-drainboard\/","title":{"rendered":"Escurreplatos De 2 Capas Encimera Soporte De Almacenaje Para Vajilla Organizadores Y Almacenaje De Cocina Con Escurreplatos"},"content":{"rendered":"<div data-elementor-type=\"product-post\" data-elementor-id=\"3900\" class=\"elementor elementor-3900\" data-elementor-post-type=\"product\">\n\t\t\t\t<div class=\"elementor-element elementor-element-269bac8a e-flex e-con-boxed e-con e-parent\" data-id=\"269bac8a\" data-element_type=\"container\" data-settings=\"{&quot;ekit_has_onepagescroll_dot&quot;:&quot;yes&quot;}\">\n\t\t\t\t\t<div class=\"e-con-inner\">\n\t\t<div class=\"elementor-element elementor-element-71191d4 e-grid e-con-full e-con e-child\" data-id=\"71191d4\" data-element_type=\"container\" data-settings=\"{&quot;ekit_has_onepagescroll_dot&quot;:&quot;yes&quot;}\">\n\t\t\t\t<div class=\"elementor-element elementor-element-317c4c90 elementor-widget elementor-widget-video\" data-id=\"317c4c90\" data-element_type=\"widget\" data-settings=\"{&quot;video_type&quot;:&quot;hosted&quot;,&quot;controls&quot;:&quot;yes&quot;,&quot;ekit_we_effect_on&quot;:&quot;none&quot;}\" data-widget_type=\"video.default\">\n\t\t\t\t<div class=\"elementor-widget-container\">\n\t\t\t\t\t\t\t<div class=\"e-hosted-video elementor-wrapper elementor-open-inline\">\n\t\t\t\t\t<video class=\"elementor-video\" src=\"https:\/\/exclusivecontent.shop\/wp-content\/uploads\/2026\/04\/video_2026-03-27_14-06-27.mp4\" controls=\"\" preload=\"metadata\" controlslist=\"nodownload\"><\/video>\n\t\t\t\t<\/div>\n\t\t\t\t\t\t<\/div>\n\t\t\t\t<\/div>\n\t\t\t\t<div class=\"elementor-element elementor-element-772c8933 elementor-widget elementor-widget-text-editor\" data-id=\"772c8933\" data-element_type=\"widget\" data-settings=\"{&quot;ekit_we_effect_on&quot;:&quot;none&quot;}\" data-widget_type=\"text-editor.default\">\n\t\t\t\t<div class=\"elementor-widget-container\">\n\t\t\t\t\t\t\t\t\t<div class=\"elementor-widget-container\">\n\t\t\t\t\t\t\t\t\t# Caracter\u00edsticas y especificaciones\n\n<div class=\"product-table\">\n  <div class=\"product-row\">\n    <div class=\"product-label\"><strong>Tipo de montaje<\/strong><\/div>\n    <div class=\"product-value\"><strong>Montaje sobre encimera<\/strong><\/div>\n  <\/div>\n  <div class=\"product-row\">\n    <div class=\"product-label\"><strong>Capacidad de peso m\u00e1xima<\/strong><\/div>\n    <div class=\"product-value\"><strong>110 libras<\/strong><\/div>\n  <\/div>\n  <div class=\"product-row\">\n    <div class=\"product-label\"><strong>Caracter\u00edsticas adicionales<\/strong><\/div>\n    <div class=\"product-value\"><strong>Vajilla segura, port\u00e1til Resistente al \u00f3xido<\/strong><\/div>\n  <\/div>\n  <div class=\"product-row\">\n    <div class=\"product-label\"><strong>Tipo de material<\/strong><\/div>\n    <div class=\"product-value\"><strong>Acero inoxidable<\/strong><\/div>\n  <\/div>\n  <div class=\"product-row\">\n    <div class=\"product-label\"><strong>Color<\/strong><\/div>\n    <div class=\"product-value\"><strong>Black-a<\/strong><\/div>\n  <\/div>\n<\/div>\n\n<style>\n.product-table {\n  width: 100%;\n  border-top: 1px solid #000;\n  font-family: Arial, sans-serif;\n}\n\n.product-row {\n  display: flex;\n  border-bottom: 1px solid #000;\n  padding: 12px 0;\n}\n\n.product-label {\n  flex: 1;\n  font-weight: bold;\n  min-width: 200px;\n  padding-right: 20px;\n}\n\n.product-value {\n  flex: 1;\n  min-width: 200px;\n}\n<\/style>\t\t\t\t\t\t\t\t<\/div>\n\t\t\t\t<\/div>\n\t\t\t\t<\/div>\n\t\t\t\t\t<\/div>\n\t\t\t\t<\/div>\n\t\t<div class=\"elementor-element elementor-element-6acdb09 e-flex e-con-boxed e-con e-parent\" data-id=\"6acdb09\" data-element_type=\"container\" data-settings=\"{&quot;ekit_has_onepagescroll_dot&quot;:&quot;yes&quot;}\">\n\t\t\t\t\t<div class=\"e-con-inner\">\n\t\t<div class=\"elementor-element elementor-element-1238f421 e-grid e-con-full e-con e-child\" data-id=\"1238f421\" data-element_type=\"container\" data-settings=\"{&quot;ekit_has_onepagescroll_dot&quot;:&quot;yes&quot;}\">\n\t\t\t\t<div class=\"elementor-element elementor-element-45cbcd9c elementor-position-top elementor-widget elementor-widget-image-box\" data-id=\"45cbcd9c\" data-element_type=\"widget\" data-settings=\"{&quot;ekit_we_effect_on&quot;:&quot;none&quot;}\" data-widget_type=\"image-box.default\">\n\t\t\t\t<div class=\"elementor-widget-container\">\n\t\t\t\t\t<div class=\"elementor-image-box-wrapper\"><figure class=\"elementor-image-box-img\"><img fetchpriority=\"high\" decoding=\"async\" width=\"300\" height=\"300\" src=\"https:\/\/exclusivecontent.shop\/wp-content\/uploads\/2026\/04\/9b4b7e82-d9cb-4ba2-9eb1-caeadcb73a88.__CR00300300_PT0_SX300_V1___.jpg\" class=\"attachment-full size-full wp-image-3913 wvs-archive-product-image\" alt=\"\" srcset=\"https:\/\/exclusivecontent.shop\/wp-content\/uploads\/2026\/04\/9b4b7e82-d9cb-4ba2-9eb1-caeadcb73a88.__CR00300300_PT0_SX300_V1___.jpg 300w, https:\/\/exclusivecontent.shop\/wp-content\/uploads\/2026\/04\/9b4b7e82-d9cb-4ba2-9eb1-caeadcb73a88.__CR00300300_PT0_SX300_V1___-150x150.jpg 150w, https:\/\/exclusivecontent.shop\/wp-content\/uploads\/2026\/04\/9b4b7e82-d9cb-4ba2-9eb1-caeadcb73a88.__CR00300300_PT0_SX300_V1___-12x12.jpg 12w, https:\/\/exclusivecontent.shop\/wp-content\/uploads\/2026\/04\/9b4b7e82-d9cb-4ba2-9eb1-caeadcb73a88.__CR00300300_PT0_SX300_V1___-100x100.jpg 100w, https:\/\/exclusivecontent.shop\/wp-content\/uploads\/2026\/04\/9b4b7e82-d9cb-4ba2-9eb1-caeadcb73a88.__CR00300300_PT0_SX300_V1___-50x50.jpg 50w\" sizes=\"(max-width: 300px) 100vw, 300px\" \/><\/figure><div class=\"elementor-image-box-content\"><h3 class=\"elementor-image-box-title\">1.Estable y antideslizante<\/h3><p class=\"elementor-image-box-description\">El estante secador de vajilla consta de pies c\u00f3ncavos para proteger la encimera de ara\u00f1azos, y un desag\u00fce retr\u00e1ctil para mantener la encimera seca y estanca.\nLas patas con cubiertas de goma garantizan la estabilidad y evitan que el escurreplatos se deslice.<\/p><\/div><\/div>\t\t\t\t<\/div>\n\t\t\t\t<\/div>\n\t\t\t\t<div class=\"elementor-element elementor-element-7f39b159 elementor-position-top elementor-widget elementor-widget-image-box\" data-id=\"7f39b159\" data-element_type=\"widget\" data-settings=\"{&quot;ekit_we_effect_on&quot;:&quot;none&quot;}\" data-widget_type=\"image-box.default\">\n\t\t\t\t<div class=\"elementor-widget-container\">\n\t\t\t\t\t<div class=\"elementor-image-box-wrapper\"><figure class=\"elementor-image-box-img\"><img decoding=\"async\" width=\"300\" height=\"300\" src=\"https:\/\/exclusivecontent.shop\/wp-content\/uploads\/2026\/04\/547bec6d-2453-49c0-8162-15eaaee9bb91.__CR00300300_PT0_SX300_V1___.jpg\" class=\"attachment-full size-full wp-image-3914 wvs-archive-product-image\" alt=\"\" srcset=\"https:\/\/exclusivecontent.shop\/wp-content\/uploads\/2026\/04\/547bec6d-2453-49c0-8162-15eaaee9bb91.__CR00300300_PT0_SX300_V1___.jpg 300w, https:\/\/exclusivecontent.shop\/wp-content\/uploads\/2026\/04\/547bec6d-2453-49c0-8162-15eaaee9bb91.__CR00300300_PT0_SX300_V1___-150x150.jpg 150w, https:\/\/exclusivecontent.shop\/wp-content\/uploads\/2026\/04\/547bec6d-2453-49c0-8162-15eaaee9bb91.__CR00300300_PT0_SX300_V1___-12x12.jpg 12w, https:\/\/exclusivecontent.shop\/wp-content\/uploads\/2026\/04\/547bec6d-2453-49c0-8162-15eaaee9bb91.__CR00300300_PT0_SX300_V1___-100x100.jpg 100w, https:\/\/exclusivecontent.shop\/wp-content\/uploads\/2026\/04\/547bec6d-2453-49c0-8162-15eaaee9bb91.__CR00300300_PT0_SX300_V1___-50x50.jpg 50w\" sizes=\"(max-width: 300px) 100vw, 300px\" \/><\/figure><div class=\"elementor-image-box-content\"><h3 class=\"elementor-image-box-title\">2.304 rejilla para secar platos de acero inoxidable<\/h3><p class=\"elementor-image-box-description\">El escurreplatos extra grande est\u00e1 fabricado en acero inoxidable 304 macizo, evita que las tazas de cristal y cer\u00e1mica se rayen y es resistente.<\/p><\/div><\/div>\t\t\t\t<\/div>\n\t\t\t\t<\/div>\n\t\t\t\t<div class=\"elementor-element elementor-element-5e3680ec elementor-position-top elementor-widget elementor-widget-image-box\" data-id=\"5e3680ec\" data-element_type=\"widget\" data-settings=\"{&quot;ekit_we_effect_on&quot;:&quot;none&quot;}\" data-widget_type=\"image-box.default\">\n\t\t\t\t<div class=\"elementor-widget-container\">\n\t\t\t\t\t<div class=\"elementor-image-box-wrapper\"><figure class=\"elementor-image-box-img\"><img decoding=\"async\" width=\"300\" height=\"300\" src=\"https:\/\/exclusivecontent.shop\/wp-content\/uploads\/2026\/04\/30aa3aab-8677-48ab-bde4-d821710d0d43.__CR00300300_PT0_SX300_V1___.jpg\" class=\"attachment-full size-full wp-image-3915 wvs-archive-product-image\" alt=\"\" srcset=\"https:\/\/exclusivecontent.shop\/wp-content\/uploads\/2026\/04\/30aa3aab-8677-48ab-bde4-d821710d0d43.__CR00300300_PT0_SX300_V1___.jpg 300w, https:\/\/exclusivecontent.shop\/wp-content\/uploads\/2026\/04\/30aa3aab-8677-48ab-bde4-d821710d0d43.__CR00300300_PT0_SX300_V1___-150x150.jpg 150w, https:\/\/exclusivecontent.shop\/wp-content\/uploads\/2026\/04\/30aa3aab-8677-48ab-bde4-d821710d0d43.__CR00300300_PT0_SX300_V1___-12x12.jpg 12w, https:\/\/exclusivecontent.shop\/wp-content\/uploads\/2026\/04\/30aa3aab-8677-48ab-bde4-d821710d0d43.__CR00300300_PT0_SX300_V1___-100x100.jpg 100w, https:\/\/exclusivecontent.shop\/wp-content\/uploads\/2026\/04\/30aa3aab-8677-48ab-bde4-d821710d0d43.__CR00300300_PT0_SX300_V1___-50x50.jpg 50w\" sizes=\"(max-width: 300px) 100vw, 300px\" \/><\/figure><div class=\"elementor-image-box-content\"><h3 class=\"elementor-image-box-title\">3.Versi\u00f3n mejorada Drenaje ampliado<\/h3><p class=\"elementor-image-box-description\">Nuestro escurreplatos viene con 2 escurridores de extensi\u00f3n telesc\u00f3pica, que pueden ajustarse a la posici\u00f3n correcta seg\u00fan la ubicaci\u00f3n del fregadero.<\/p><\/div><\/div>\t\t\t\t<\/div>\n\t\t\t\t<\/div>\n\t\t\t\t<\/div>\n\t\t\t\t\t<\/div>\n\t\t\t\t<\/div>\n\t\t<div class=\"elementor-element elementor-element-3f131bcd e-flex e-con-boxed e-con e-parent\" data-id=\"3f131bcd\" data-element_type=\"container\" data-settings=\"{&quot;ekit_has_onepagescroll_dot&quot;:&quot;yes&quot;}\">\n\t\t\t\t\t<div class=\"e-con-inner\">\n\t\t\t\t<div class=\"elementor-element elementor-element-1515cac5 elementor-widget elementor-widget-image\" data-id=\"1515cac5\" data-element_type=\"widget\" data-settings=\"{&quot;ekit_we_effect_on&quot;:&quot;none&quot;}\" data-widget_type=\"image.default\">\n\t\t\t\t<div class=\"elementor-widget-container\">\n\t\t\t\t\t\t\t\t\t\t\t\t\t\t\t<img loading=\"lazy\" decoding=\"async\" width=\"1464\" height=\"625\" src=\"https:\/\/exclusivecontent.shop\/wp-content\/uploads\/2026\/04\/1-30.jpg\" class=\"attachment-full size-full wp-image-3916 wvs-archive-product-image\" alt=\"\" srcset=\"https:\/\/exclusivecontent.shop\/wp-content\/uploads\/2026\/04\/1-30.jpg 1464w, https:\/\/exclusivecontent.shop\/wp-content\/uploads\/2026\/04\/1-30-300x128.jpg 300w, https:\/\/exclusivecontent.shop\/wp-content\/uploads\/2026\/04\/1-30-1024x437.jpg 1024w, https:\/\/exclusivecontent.shop\/wp-content\/uploads\/2026\/04\/1-30-768x328.jpg 768w, https:\/\/exclusivecontent.shop\/wp-content\/uploads\/2026\/04\/1-30-18x8.jpg 18w, https:\/\/exclusivecontent.shop\/wp-content\/uploads\/2026\/04\/1-30-600x256.jpg 600w\" sizes=\"(max-width: 1464px) 100vw, 1464px\" \/>\t\t\t\t\t\t\t\t\t\t\t\t\t\t\t<\/div>\n\t\t\t\t<\/div>\n\t\t\t\t<div class=\"elementor-element elementor-element-177e6721 elementor-widget elementor-widget-image\" data-id=\"177e6721\" data-element_type=\"widget\" data-settings=\"{&quot;ekit_we_effect_on&quot;:&quot;none&quot;}\" data-widget_type=\"image.default\">\n\t\t\t\t<div class=\"elementor-widget-container\">\n\t\t\t\t\t\t\t\t\t\t\t\t\t\t\t<img loading=\"lazy\" decoding=\"async\" width=\"970\" height=\"600\" src=\"https:\/\/exclusivecontent.shop\/wp-content\/uploads\/2026\/04\/ef68513f-ef8d-47a9-bf46-2bff4d43f39d.__CR00970600_PT0_SX970_V1___.jpg\" class=\"attachment-full size-full wp-image-3917 wvs-archive-product-image\" alt=\"\" srcset=\"https:\/\/exclusivecontent.shop\/wp-content\/uploads\/2026\/04\/ef68513f-ef8d-47a9-bf46-2bff4d43f39d.__CR00970600_PT0_SX970_V1___.jpg 970w, https:\/\/exclusivecontent.shop\/wp-content\/uploads\/2026\/04\/ef68513f-ef8d-47a9-bf46-2bff4d43f39d.__CR00970600_PT0_SX970_V1___-300x186.jpg 300w, https:\/\/exclusivecontent.shop\/wp-content\/uploads\/2026\/04\/ef68513f-ef8d-47a9-bf46-2bff4d43f39d.__CR00970600_PT0_SX970_V1___-768x475.jpg 768w, https:\/\/exclusivecontent.shop\/wp-content\/uploads\/2026\/04\/ef68513f-ef8d-47a9-bf46-2bff4d43f39d.__CR00970600_PT0_SX970_V1___-18x12.jpg 18w, https:\/\/exclusivecontent.shop\/wp-content\/uploads\/2026\/04\/ef68513f-ef8d-47a9-bf46-2bff4d43f39d.__CR00970600_PT0_SX970_V1___-600x371.jpg 600w\" sizes=\"(max-width: 970px) 100vw, 970px\" \/>\t\t\t\t\t\t\t\t\t\t\t\t\t\t\t<\/div>\n\t\t\t\t<\/div>\n\t\t\t\t<div class=\"elementor-element elementor-element-1804d726 elementor-widget elementor-widget-heading\" data-id=\"1804d726\" data-element_type=\"widget\" data-settings=\"{&quot;ekit_we_effect_on&quot;:&quot;none&quot;}\" data-widget_type=\"heading.default\">\n\t\t\t\t<div class=\"elementor-widget-container\">\n\t\t\t\t\t<h2 class=\"elementor-heading-title elementor-size-default\">\u00bfEs usted el organizador de cocinas al que todav\u00eda le molestan los platos desordenados y h\u00famedos en la encimera de la cocina?<\/h2>\t\t\t\t<\/div>\n\t\t\t\t<\/div>\n\t\t\t\t<div class=\"elementor-element elementor-element-29bb9f elementor-widget elementor-widget-text-editor\" data-id=\"29bb9f\" data-element_type=\"widget\" data-settings=\"{&quot;ekit_we_effect_on&quot;:&quot;none&quot;}\" data-widget_type=\"text-editor.default\">\n\t\t\t\t<div class=\"elementor-widget-container\">\n\t\t\t\t\t\t\t\t\t<div class=\"celwidget aplus-module 3p-module-b aplus-standard\" data-csa-c-id=\"ysxjma-sngbp3-damict-jet2xm\" data-cel-widget=\"aplus-3p-module-b\"><div class=\"aplus-module-wrapper aplus-3p-fixed-width\"><ul class=\"a-unordered-list a-vertical\"><li><span class=\"a-list-item\">Nuestro nuevo escurreplatos extra grande mejorado est\u00e1 dise\u00f1ado con acero inoxidable 304 y tiene espacio suficiente para cubiertos, platos, cuencos, vasos, cubiertos y mucho m\u00e1s.<\/span><\/li><li><span class=\"a-list-item\">Los portacubiertos de cocina con kit de escurridor escurren los platos, evitan la oxidaci\u00f3n y mantienen las encimeras secas y ordenadas.<\/span><\/li><\/ul><\/div><\/div>\t\t\t\t\t\t\t\t<\/div>\n\t\t\t\t<\/div>\n\t\t\t\t<div class=\"elementor-element elementor-element-20ea27c9 elementor-widget elementor-widget-image\" data-id=\"20ea27c9\" data-element_type=\"widget\" data-settings=\"{&quot;ekit_we_effect_on&quot;:&quot;none&quot;}\" data-widget_type=\"image.default\">\n\t\t\t\t<div class=\"elementor-widget-container\">\n\t\t\t\t\t\t\t\t\t\t\t\t\t\t\t<img loading=\"lazy\" decoding=\"async\" width=\"970\" height=\"600\" src=\"https:\/\/exclusivecontent.shop\/wp-content\/uploads\/2026\/04\/0d75fbf6-adf4-4e9c-ad71-e48e7f83a74e.__CR00970600_PT0_SX970_V1___.jpg\" class=\"attachment-full size-full wp-image-3918 wvs-archive-product-image\" alt=\"\" srcset=\"https:\/\/exclusivecontent.shop\/wp-content\/uploads\/2026\/04\/0d75fbf6-adf4-4e9c-ad71-e48e7f83a74e.__CR00970600_PT0_SX970_V1___.jpg 970w, https:\/\/exclusivecontent.shop\/wp-content\/uploads\/2026\/04\/0d75fbf6-adf4-4e9c-ad71-e48e7f83a74e.__CR00970600_PT0_SX970_V1___-300x186.jpg 300w, https:\/\/exclusivecontent.shop\/wp-content\/uploads\/2026\/04\/0d75fbf6-adf4-4e9c-ad71-e48e7f83a74e.__CR00970600_PT0_SX970_V1___-768x475.jpg 768w, https:\/\/exclusivecontent.shop\/wp-content\/uploads\/2026\/04\/0d75fbf6-adf4-4e9c-ad71-e48e7f83a74e.__CR00970600_PT0_SX970_V1___-18x12.jpg 18w, https:\/\/exclusivecontent.shop\/wp-content\/uploads\/2026\/04\/0d75fbf6-adf4-4e9c-ad71-e48e7f83a74e.__CR00970600_PT0_SX970_V1___-600x371.jpg 600w\" sizes=\"(max-width: 970px) 100vw, 970px\" \/>\t\t\t\t\t\t\t\t\t\t\t\t\t\t\t<\/div>\n\t\t\t\t<\/div>\n\t\t\t\t<div class=\"elementor-element elementor-element-68785d4f elementor-widget elementor-widget-heading\" data-id=\"68785d4f\" data-element_type=\"widget\" data-settings=\"{&quot;ekit_we_effect_on&quot;:&quot;none&quot;}\" data-widget_type=\"heading.default\">\n\t\t\t\t<div class=\"elementor-widget-container\">\n\t\t\t\t\t<h2 class=\"elementor-heading-title elementor-size-default\">Sistema innovador de drenaje r\u00e1pido mejorado<\/h2>\t\t\t\t<\/div>\n\t\t\t\t<\/div>\n\t\t\t\t<div class=\"elementor-element elementor-element-1442fcda elementor-widget elementor-widget-text-editor\" data-id=\"1442fcda\" data-element_type=\"widget\" data-settings=\"{&quot;ekit_we_effect_on&quot;:&quot;none&quot;}\" data-widget_type=\"text-editor.default\">\n\t\t\t\t<div class=\"elementor-widget-container\">\n\t\t\t\t\t\t\t\t\t<p class=\"a-spacing-base\">Nuestro escurreplatos tiene una placa de desag\u00fce integrada y un ca\u00f1o giratorio que se puede girar 360\u00b0 para tres direcciones de desag\u00fce se ha utilizado en cualquier dise\u00f1o de cocina para mantener el agua fluyendo directamente al fregadero.<\/p><p class=\"a-spacing-base\">El escurreplatos tiene un tap\u00f3n de goma, se quita para escurrir el agua, se inserta para retener el agua y escurre r\u00e1pidamente el agua durante 30 segundos para mantener seca la encimera.<\/p>\t\t\t\t\t\t\t\t<\/div>\n\t\t\t\t<\/div>\n\t\t\t\t<div class=\"elementor-element elementor-element-230fd8c3 elementor-widget elementor-widget-image\" data-id=\"230fd8c3\" data-element_type=\"widget\" data-settings=\"{&quot;ekit_we_effect_on&quot;:&quot;none&quot;}\" data-widget_type=\"image.default\">\n\t\t\t\t<div class=\"elementor-widget-container\">\n\t\t\t\t\t\t\t\t\t\t\t\t\t\t\t<img loading=\"lazy\" decoding=\"async\" width=\"970\" height=\"600\" src=\"https:\/\/exclusivecontent.shop\/wp-content\/uploads\/2026\/04\/5b245c9a-0b43-479f-ad79-730b7a391ac2.__CR00970600_PT0_SX970_V1___.jpg\" class=\"attachment-full size-full wp-image-3919 wvs-archive-product-image\" alt=\"\" srcset=\"https:\/\/exclusivecontent.shop\/wp-content\/uploads\/2026\/04\/5b245c9a-0b43-479f-ad79-730b7a391ac2.__CR00970600_PT0_SX970_V1___.jpg 970w, https:\/\/exclusivecontent.shop\/wp-content\/uploads\/2026\/04\/5b245c9a-0b43-479f-ad79-730b7a391ac2.__CR00970600_PT0_SX970_V1___-300x186.jpg 300w, https:\/\/exclusivecontent.shop\/wp-content\/uploads\/2026\/04\/5b245c9a-0b43-479f-ad79-730b7a391ac2.__CR00970600_PT0_SX970_V1___-768x475.jpg 768w, https:\/\/exclusivecontent.shop\/wp-content\/uploads\/2026\/04\/5b245c9a-0b43-479f-ad79-730b7a391ac2.__CR00970600_PT0_SX970_V1___-18x12.jpg 18w, https:\/\/exclusivecontent.shop\/wp-content\/uploads\/2026\/04\/5b245c9a-0b43-479f-ad79-730b7a391ac2.__CR00970600_PT0_SX970_V1___-600x371.jpg 600w\" sizes=\"(max-width: 970px) 100vw, 970px\" \/>\t\t\t\t\t\t\t\t\t\t\t\t\t\t\t<\/div>\n\t\t\t\t<\/div>\n\t\t\t\t\t<\/div>\n\t\t\t\t<\/div>\n\t\t\t\t<\/div>","protected":false},"excerpt":{"rendered":"<h1 class=\"a-size-base-plus a-text-bold\">Acerca de este art\u00edculo<\/h1>\n<ul class=\"a-unordered-list a-vertical a-spacing-mini\">\n<li class=\"a-spacing-mini\"><span class=\"a-list-item\">Sistema de drenaje autom\u00e1tico: Este escurreplatos tiene un desag\u00fce integrado en la parte inferior de la bandeja que gira 360 \u00b0 salida de agua tiene 3 direcciones para elegir, drena r\u00e1pidamente within15s.The cubiertos y tenedor de rack de secado de platos sobre el fregadero tambi\u00e9n tiene un drenaje independiente, el agua que gotea de la vajilla se descarga directamente de la tuber\u00eda de agua para evitar fugas de agua, mantener la mesa seca<\/span><\/li>\n<\/ul>","protected":false},"featured_media":3901,"comment_status":"open","ping_status":"closed","template":"","meta":{"_acf_changed":false},"product_brand":[],"product_cat":[35],"product_tag":[],"class_list":{"0":"post-3900","1":"product","2":"type-product","3":"status-publish","4":"has-post-thumbnail","6":"product_cat-sale","8":"first","9":"instock","10":"sale","11":"shipping-taxable","12":"purchasable","13":"product-type-simple"},"acf":[],"_links":{"self":[{"href":"https:\/\/exclusivecontent.shop\/es\/wp-json\/wp\/v2\/product\/3900","targetHints":{"allow":["GET"]}}],"collection":[{"href":"https:\/\/exclusivecontent.shop\/es\/wp-json\/wp\/v2\/product"}],"about":[{"href":"https:\/\/exclusivecontent.shop\/es\/wp-json\/wp\/v2\/types\/product"}],"replies":[{"embeddable":true,"href":"https:\/\/exclusivecontent.shop\/es\/wp-json\/wp\/v2\/comments?post=3900"}],"version-history":[{"count":4,"href":"https:\/\/exclusivecontent.shop\/es\/wp-json\/wp\/v2\/product\/3900\/revisions"}],"predecessor-version":[{"id":3925,"href":"https:\/\/exclusivecontent.shop\/es\/wp-json\/wp\/v2\/product\/3900\/revisions\/3925"}],"wp:featuredmedia":[{"embeddable":true,"href":"https:\/\/exclusivecontent.shop\/es\/wp-json\/wp\/v2\/media\/3901"}],"wp:attachment":[{"href":"https:\/\/exclusivecontent.shop\/es\/wp-json\/wp\/v2\/media?parent=3900"}],"wp:term":[{"taxonomy":"product_brand","embeddable":true,"href":"https:\/\/exclusivecontent.shop\/es\/wp-json\/wp\/v2\/product_brand?post=3900"},{"taxonomy":"product_cat","embeddable":true,"href":"https:\/\/exclusivecontent.shop\/es\/wp-json\/wp\/v2\/product_cat?post=3900"},{"taxonomy":"product_tag","embeddable":true,"href":"https:\/\/exclusivecontent.shop\/es\/wp-json\/wp\/v2\/product_tag?post=3900"}],"curies":[{"name":"wp","href":"https:\/\/api.w.org\/{rel}","templated":true}]}}