{"id":3414,"date":"2026-01-09T05:44:41","date_gmt":"2026-01-09T05:44:41","guid":{"rendered":"https:\/\/exclusivecontent.shop\/?post_type=product&#038;p=3414"},"modified":"2026-01-11T14:17:30","modified_gmt":"2026-01-11T14:17:30","slug":"perfume-arabe-yara-rosa-100ml-20ml-200ml-spray-aceite-concentrado-de-alta-calidad-fragancia-duradera-perfumes-arabes-de-moda-para-mujer-traido-de-dubai-olor-dulce-avainillado-y-floral","status":"publish","type":"product","link":"https:\/\/exclusivecontent.shop\/es\/producto\/perfume-arabe-yara-rosa-100ml-20ml-200ml-spray-aceite-concentrado-de-alta-calidad-fragancia-duradera-perfumes-arabes-de-moda-para-mujer-traido-de-dubai-olor-dulce-avainillado-y-floral\/","title":{"rendered":"Perfume arabe Yara Rosa ,100ml\/20ml\/200ml, spray\/aceite, concentrado, de alta calidad, fragancia duradera. Perfumes arabes de moda, para mujer, traido de Dubai. Olor dulce, avainillado y floral."},"content":{"rendered":"<p><img fetchpriority=\"high\" decoding=\"async\" class=\"aligncenter\" src=\"https:\/\/exclusivecontent.shop\/wp-content\/uploads\/2026\/01\/s-l1600-9.webp\" sizes=\"(max-width: 700px) 100vw, 700px\" srcset=\"https:\/\/exclusivecontent.shop\/wp-content\/uploads\/2026\/01\/s-l1600-9.webp 700w, https:\/\/exclusivecontent.shop\/wp-content\/uploads\/2026\/01\/s-l1600-9-300x254.webp 300w, https:\/\/exclusivecontent.shop\/wp-content\/uploads\/2026\/01\/s-l1600-9-600x507.webp 600w\" alt=\"\" width=\"700\" height=\"592\" \/><br \/>\n<img decoding=\"async\" class=\"aligncenter\" src=\"https:\/\/exclusivecontent.shop\/wp-content\/uploads\/2026\/01\/79e542718fee4457b7173d804d1aa4f4tplv-t5fjg24jzw-resize-jpeg_800_800-2.jpg\" sizes=\"(max-width: 795px) 100vw, 795px\" srcset=\"https:\/\/exclusivecontent.shop\/wp-content\/uploads\/2026\/01\/79e542718fee4457b7173d804d1aa4f4tplv-t5fjg24jzw-resize-jpeg_800_800-2.jpg 795w, https:\/\/exclusivecontent.shop\/wp-content\/uploads\/2026\/01\/79e542718fee4457b7173d804d1aa4f4tplv-t5fjg24jzw-resize-jpeg_800_800-2-298x300_1.jpg 298w, https:\/\/exclusivecontent.shop\/wp-content\/uploads\/2026\/01\/79e542718fee4457b7173d804d1aa4f4tplv-t5fjg24jzw-resize-jpeg_800_800-2-150x150_1.jpg 150w, https:\/\/exclusivecontent.shop\/wp-content\/uploads\/2026\/01\/79e542718fee4457b7173d804d1aa4f4tplv-t5fjg24jzw-resize-jpeg_800_800-2-768x773_1.jpg 768w, https:\/\/exclusivecontent.shop\/wp-content\/uploads\/2026\/01\/79e542718fee4457b7173d804d1aa4f4tplv-t5fjg24jzw-resize-jpeg_800_800-2-600x604_1.jpg 600w, https:\/\/exclusivecontent.shop\/wp-content\/uploads\/2026\/01\/79e542718fee4457b7173d804d1aa4f4tplv-t5fjg24jzw-resize-jpeg_800_800-2-100x100_1.jpg 100w, https:\/\/exclusivecontent.shop\/wp-content\/uploads\/2026\/01\/79e542718fee4457b7173d804d1aa4f4tplv-t5fjg24jzw-resize-jpeg_800_800-2-50x50_1.jpg 50w\" alt=\"\" width=\"795\" height=\"800\" \/><br \/>\n<img decoding=\"async\" class=\"aligncenter\" src=\"https:\/\/exclusivecontent.shop\/wp-content\/uploads\/2026\/01\/yara-eau-de-parfum-100ml-by-lattafa-perfume-1.jpg\" sizes=\"(max-width: 777px) 100vw, 777px\" srcset=\"https:\/\/exclusivecontent.shop\/wp-content\/uploads\/2026\/01\/yara-eau-de-parfum-100ml-by-lattafa-perfume-1.jpg 777w, https:\/\/exclusivecontent.shop\/wp-content\/uploads\/2026\/01\/yara-eau-de-parfum-100ml-by-lattafa-perfume-1-300x300_1.jpg 300w, https:\/\/exclusivecontent.shop\/wp-content\/uploads\/2026\/01\/yara-eau-de-parfum-100ml-by-lattafa-perfume-1-150x150_1.jpg 150w, https:\/\/exclusivecontent.shop\/wp-content\/uploads\/2026\/01\/yara-eau-de-parfum-100ml-by-lattafa-perfume-1-768x768_1.jpg 768w, https:\/\/exclusivecontent.shop\/wp-content\/uploads\/2026\/01\/yara-eau-de-parfum-100ml-by-lattafa-perfume-1-600x600_1.jpg 600w, https:\/\/exclusivecontent.shop\/wp-content\/uploads\/2026\/01\/yara-eau-de-parfum-100ml-by-lattafa-perfume-1-100x100_1.jpg 100w, https:\/\/exclusivecontent.shop\/wp-content\/uploads\/2026\/01\/yara-eau-de-parfum-100ml-by-lattafa-perfume-1-50x50_1.jpg 50w\" alt=\"\" width=\"777\" height=\"777\" \/><\/p>\n<table data-animation-nesting=\"\" data-complete=\"true\" data-sae=\"\">\n<tbody data-complete=\"true\">\n<tr data-sfc-cp=\"\" data-complete=\"true\">\n<th colspan=\"undefined\" data-sfc-cp=\"\" data-complete=\"true\">Tipo<button tabindex=\"0\" data-amic=\"true\" data-icl-uuid=\"466d33db-0cfb-4464-80df-eee0da183c0d\" aria-label=\"\u67e5\u770b\u76f8\u5173\u94fe\u63a5\" data-wiz-attrbind=\"disabled=WMZHVd_1g\/C5gNJc;class=WMZHVd_1g\/UpSNec\" data-ved=\"2ahUKEwjx96CmxfiRAxWvETQIHbwhGg4Qye0OegYIAQgGEAE\"><\/button><\/th>\n<th colspan=\"undefined\" data-sfc-cp=\"\" data-complete=\"true\">Notas<\/th>\n<\/tr>\n<tr data-sfc-cp=\"\" data-complete=\"true\">\n<td colspan=\"undefined\" data-sfc-cp=\"\" data-complete=\"true\"><strong data-complete=\"true\">Salida<\/strong><\/td>\n<td colspan=\"undefined\" data-sfc-cp=\"\" data-complete=\"true\">Orqu\u00eddea, heliotropo, mandarina<\/td>\n<\/tr>\n<tr data-sfc-cp=\"\" data-complete=\"true\">\n<td colspan=\"undefined\" data-sfc-cp=\"\" data-complete=\"true\"><strong data-complete=\"true\">Coraz\u00f3n<\/strong><\/td>\n<td colspan=\"undefined\" data-sfc-cp=\"\" data-complete=\"true\">Notas gourmand, frutas tropicales<\/td>\n<\/tr>\n<tr data-sfc-cp=\"\" data-complete=\"true\">\n<td colspan=\"undefined\" data-sfc-cp=\"\" data-complete=\"true\"><strong data-complete=\"true\">Fondo<\/strong><\/td>\n<td colspan=\"undefined\" data-sfc-cp=\"\" data-complete=\"true\">Vainilla, almizcle, s\u00e1ndalo<\/td>\n<\/tr>\n<\/tbody>\n<\/table>\n<ul data-processed=\"true\" data-complete=\"true\">\n<li data-hveid=\"CAEIAxAA\" data-complete=\"true\" data-sae=\"\"><strong data-complete=\"true\">Marca<\/strong>: Lattafa<\/li>\n<li data-hveid=\"CAEIAxAB\" data-complete=\"true\" data-sae=\"\"><strong data-complete=\"true\">Nombre<\/strong>: Yara<\/li>\n<li data-hveid=\"CAEIAxAC\" data-complete=\"true\" data-sae=\"\"><strong data-complete=\"true\">Tipo de fragancia<\/strong>: \u00c1mbar Vainilla (Oriental Vanilla), perfume para mujer<\/li>\n<\/ul>","protected":false},"excerpt":{"rendered":"<p>Tipo Notas Salida Orqu\u00eddea, heliotropo, mandarina Coraz\u00f3n Notas gourmand, frutas tropicales Fondo Vainilla, almizcle, s\u00e1ndalo Marca: Lattafa Nombre: Yara Tipo de fragancia: \u00c1mbar Vainilla (Oriental Vanilla), perfume para mujer<\/p>","protected":false},"featured_media":3418,"comment_status":"open","ping_status":"closed","template":"","meta":{"_acf_changed":false},"product_brand":[],"product_cat":[35],"product_tag":[],"class_list":{"0":"post-3414","1":"product","2":"type-product","3":"status-publish","4":"has-post-thumbnail","6":"product_cat-sale","8":"first","9":"instock","10":"sale","11":"shipping-taxable","12":"purchasable","13":"product-type-variable","14":"has-default-attributes","15":"wvs-archive-product-wrapper"},"acf":[],"_links":{"self":[{"href":"https:\/\/exclusivecontent.shop\/es\/wp-json\/wp\/v2\/product\/3414","targetHints":{"allow":["GET"]}}],"collection":[{"href":"https:\/\/exclusivecontent.shop\/es\/wp-json\/wp\/v2\/product"}],"about":[{"href":"https:\/\/exclusivecontent.shop\/es\/wp-json\/wp\/v2\/types\/product"}],"replies":[{"embeddable":true,"href":"https:\/\/exclusivecontent.shop\/es\/wp-json\/wp\/v2\/comments?post=3414"}],"version-history":[{"count":4,"href":"https:\/\/exclusivecontent.shop\/es\/wp-json\/wp\/v2\/product\/3414\/revisions"}],"predecessor-version":[{"id":3445,"href":"https:\/\/exclusivecontent.shop\/es\/wp-json\/wp\/v2\/product\/3414\/revisions\/3445"}],"wp:featuredmedia":[{"embeddable":true,"href":"https:\/\/exclusivecontent.shop\/es\/wp-json\/wp\/v2\/media\/3418"}],"wp:attachment":[{"href":"https:\/\/exclusivecontent.shop\/es\/wp-json\/wp\/v2\/media?parent=3414"}],"wp:term":[{"taxonomy":"product_brand","embeddable":true,"href":"https:\/\/exclusivecontent.shop\/es\/wp-json\/wp\/v2\/product_brand?post=3414"},{"taxonomy":"product_cat","embeddable":true,"href":"https:\/\/exclusivecontent.shop\/es\/wp-json\/wp\/v2\/product_cat?post=3414"},{"taxonomy":"product_tag","embeddable":true,"href":"https:\/\/exclusivecontent.shop\/es\/wp-json\/wp\/v2\/product_tag?post=3414"}],"curies":[{"name":"wp","href":"https:\/\/api.w.org\/{rel}","templated":true}]}}