{"id":3329,"date":"2025-12-21T07:21:54","date_gmt":"2025-12-21T07:21:54","guid":{"rendered":"https:\/\/exclusivecontent.shop\/?post_type=product&#038;p=3329"},"modified":"2025-12-27T12:27:36","modified_gmt":"2025-12-27T12:27:36","slug":"redhut-limpiador-a-vapor-portatil-12-accesorios-alta-presion-y-ecologico-desodorizacion-y-desinfeccion-en-hogar-cocina-y-bano","status":"publish","type":"product","link":"https:\/\/exclusivecontent.shop\/es\/producto\/redhut-limpiador-a-vapor-portatil-12-accesorios-alta-presion-y-ecologico-desodorizacion-y-desinfeccion-en-hogar-cocina-y-bano\/","title":{"rendered":"REDHUT Limpiador a Vapor Port\u00e1til 12 Accesorios, Alta Presi\u00f3n y Ecol\u00f3gico, Desodorizaci\u00f3n y Desinfecci\u00f3n en Hogar, Cocina y Ba\u00f1o"},"content":{"rendered":"<p><img fetchpriority=\"high\" decoding=\"async\" class=\"aligncenter\" src=\"https:\/\/exclusivecontent.shop\/wp-content\/uploads\/2025\/12\/2-35.jpg\" sizes=\"(max-width: 800px) 100vw, 800px\" srcset=\"https:\/\/exclusivecontent.shop\/wp-content\/uploads\/2025\/12\/2-35.jpg 970w, https:\/\/exclusivecontent.shop\/wp-content\/uploads\/2025\/12\/2-35-300x186_1.jpg 300w, https:\/\/exclusivecontent.shop\/wp-content\/uploads\/2025\/12\/2-35-768x475_1.jpg 768w, https:\/\/exclusivecontent.shop\/wp-content\/uploads\/2025\/12\/2-35-600x371_1.jpg 600w\" alt=\"\" width=\"800\" height=\"495\" \/><br \/>\n<img decoding=\"async\" class=\"aligncenter\" src=\"https:\/\/exclusivecontent.shop\/wp-content\/uploads\/2025\/12\/1-44.jpg\" sizes=\"(max-width: 800px) 100vw, 800px\" srcset=\"https:\/\/exclusivecontent.shop\/wp-content\/uploads\/2025\/12\/1-44.jpg 970w, https:\/\/exclusivecontent.shop\/wp-content\/uploads\/2025\/12\/1-44-300x186_1.jpg 300w, https:\/\/exclusivecontent.shop\/wp-content\/uploads\/2025\/12\/1-44-768x475_1.jpg 768w, https:\/\/exclusivecontent.shop\/wp-content\/uploads\/2025\/12\/1-44-600x371_1.jpg 600w\" alt=\"\" width=\"800\" height=\"495\" \/><br \/>\n<img decoding=\"async\" class=\"aligncenter\" src=\"https:\/\/exclusivecontent.shop\/wp-content\/uploads\/2025\/12\/4-34.jpg\" sizes=\"(max-width: 800px) 100vw, 800px\" srcset=\"https:\/\/exclusivecontent.shop\/wp-content\/uploads\/2025\/12\/4-34.jpg 970w, https:\/\/exclusivecontent.shop\/wp-content\/uploads\/2025\/12\/4-34-300x186_1.jpg 300w, https:\/\/exclusivecontent.shop\/wp-content\/uploads\/2025\/12\/4-34-768x475_1.jpg 768w, https:\/\/exclusivecontent.shop\/wp-content\/uploads\/2025\/12\/4-34-600x371_1.jpg 600w\" alt=\"\" width=\"800\" height=\"495\" \/><br \/>\n<img loading=\"lazy\" decoding=\"async\" class=\"aligncenter\" src=\"https:\/\/exclusivecontent.shop\/wp-content\/uploads\/2025\/12\/3-42.png\" sizes=\"(max-width: 800px) 100vw, 800px\" srcset=\"https:\/\/exclusivecontent.shop\/wp-content\/uploads\/2025\/12\/3-42.png 970w, https:\/\/exclusivecontent.shop\/wp-content\/uploads\/2025\/12\/3-42-300x186_1.png 300w, https:\/\/exclusivecontent.shop\/wp-content\/uploads\/2025\/12\/3-42-768x475_1.png 768w, https:\/\/exclusivecontent.shop\/wp-content\/uploads\/2025\/12\/3-42-600x371_1.png 600w\" alt=\"\" width=\"800\" height=\"495\" \/><\/p>\n<ul>\n<li>Limpiador de vapor multifuncional Nuestro limpiador de vapor de mano se utiliza para limpiar la suciedad y las manchas en el suelo, coche, alfombra, ventanas y ropa. Con la exclusiva tecnolog\u00eda petenting, vapor de alta presi\u00f3n y alta temperatura 250\u2109, la inyecci\u00f3n de vapor tambi\u00e9n se puede utilizar para eliminar el polvo. Es un producto sanitario y respetuoso con el medio ambiente.<\/li>\n<li>11 ACCESORIOS - El potente y vers\u00e1til set limpiador a vapor incluye 11 accesorios: vaso medidor, pa\u00f1o cepillo para planchar, embudo, dos cepillos de nylon, cepillo met\u00e1lico, boquilla doblada, cepillo para planchar, boquilla recta, manguera de extensi\u00f3n y escobilla para ventanas. El cepillo met\u00e1lico limpia mejor las manchas dif\u00edciles. Los accesorios se pueden seleccionar seg\u00fan sea necesario.<\/li>\n<li>Libre de productos qu\u00edmicos y seguro: Dise\u00f1ado para evitar el calentamiento de la caldera vac\u00eda, despu\u00e9s de que el agua en el tanque de la caldera se calienta y se evapora por completo, el limpiador de vapor desconectar\u00e1 autom\u00e1ticamente la fuente de alimentaci\u00f3n y as\u00ed evitar el calentamiento de vac\u00edo. Con vapor de agua pura de alta presi\u00f3n utilizada, no se a\u00f1aden agentes qu\u00edmicos, completamente respetuoso con el medio ambiente.<\/li>\n<\/ul>","protected":false},"excerpt":{"rendered":"<p>Multifunctional Steam Cleaner Our handheld steam cleaner is used to clean dirt and stains on the floor, car, carpet, windows and clothes. With exclusive petenting technology, high pressure steam and high temperature 250\u2109, steam injection can also be used to remove dust. It is an environmentally friendly and sanitary product. 11 ACCESSORIES &#8211; The powerful [&hellip;]<\/p>","protected":false},"featured_media":3332,"comment_status":"open","ping_status":"closed","template":"","meta":{"_acf_changed":false},"product_brand":[],"product_cat":[35],"product_tag":[],"class_list":{"0":"post-3329","1":"product","2":"type-product","3":"status-publish","4":"has-post-thumbnail","6":"product_cat-sale","8":"first","9":"instock","10":"sale","11":"shipping-taxable","12":"purchasable","13":"product-type-variable","14":"wvs-archive-product-wrapper"},"acf":[],"_links":{"self":[{"href":"https:\/\/exclusivecontent.shop\/es\/wp-json\/wp\/v2\/product\/3329","targetHints":{"allow":["GET"]}}],"collection":[{"href":"https:\/\/exclusivecontent.shop\/es\/wp-json\/wp\/v2\/product"}],"about":[{"href":"https:\/\/exclusivecontent.shop\/es\/wp-json\/wp\/v2\/types\/product"}],"replies":[{"embeddable":true,"href":"https:\/\/exclusivecontent.shop\/es\/wp-json\/wp\/v2\/comments?post=3329"}],"version-history":[{"count":2,"href":"https:\/\/exclusivecontent.shop\/es\/wp-json\/wp\/v2\/product\/3329\/revisions"}],"predecessor-version":[{"id":3358,"href":"https:\/\/exclusivecontent.shop\/es\/wp-json\/wp\/v2\/product\/3329\/revisions\/3358"}],"wp:featuredmedia":[{"embeddable":true,"href":"https:\/\/exclusivecontent.shop\/es\/wp-json\/wp\/v2\/media\/3332"}],"wp:attachment":[{"href":"https:\/\/exclusivecontent.shop\/es\/wp-json\/wp\/v2\/media?parent=3329"}],"wp:term":[{"taxonomy":"product_brand","embeddable":true,"href":"https:\/\/exclusivecontent.shop\/es\/wp-json\/wp\/v2\/product_brand?post=3329"},{"taxonomy":"product_cat","embeddable":true,"href":"https:\/\/exclusivecontent.shop\/es\/wp-json\/wp\/v2\/product_cat?post=3329"},{"taxonomy":"product_tag","embeddable":true,"href":"https:\/\/exclusivecontent.shop\/es\/wp-json\/wp\/v2\/product_tag?post=3329"}],"curies":[{"name":"wp","href":"https:\/\/api.w.org\/{rel}","templated":true}]}}