{"id":2062,"date":"2025-11-25T05:56:47","date_gmt":"2025-11-25T05:56:47","guid":{"rendered":"https:\/\/exclusivecontent.shop\/?post_type=product&#038;p=2062"},"modified":"2025-11-25T06:02:00","modified_gmt":"2025-11-25T06:02:00","slug":"gourmet-chocolate-brigadeiro-assortment-gift-box-valentines-day-mothers-day-birhtday-gift-christimas-gift-dessert-snack","status":"publish","type":"product","link":"https:\/\/exclusivecontent.shop\/es\/producto\/gourmet-chocolate-brigadeiro-assortment-gift-box-valentines-day-mothers-day-birhtday-gift-christimas-gift-dessert-snack\/","title":{"rendered":"Surtido de Brigadeiros de Chocolate Gourmet - Caja Regalo - D\u00eda de San Valent\u00edn | D\u00eda de la Madre | Regalo de Cumplea\u00f1os | Regalo de Navidad Postre Snack"},"content":{"rendered":"<p><img fetchpriority=\"high\" decoding=\"async\" src=\"https:\/\/newbotay.shop\/wp-content\/uploads\/2025\/11\/il_794xN.4038769817_lz82.webp\" sizes=\"(max-width: 794px) 100vw, 794px\" srcset=\"https:\/\/newbotay.shop\/wp-content\/uploads\/2025\/11\/il_794xN.4038769817_lz82.webp 794w, https:\/\/newbotay.shop\/wp-content\/uploads\/2025\/11\/il_794xN.4038769817_lz82-300x200.webp 300w, https:\/\/newbotay.shop\/wp-content\/uploads\/2025\/11\/il_794xN.4038769817_lz82-768x512.webp 768w, https:\/\/newbotay.shop\/wp-content\/uploads\/2025\/11\/il_794xN.4038769817_lz82-18x12.webp 18w, https:\/\/newbotay.shop\/wp-content\/uploads\/2025\/11\/il_794xN.4038769817_lz82-60x40.webp 60w, https:\/\/newbotay.shop\/wp-content\/uploads\/2025\/11\/il_794xN.4038769817_lz82-110x73.webp 110w, https:\/\/newbotay.shop\/wp-content\/uploads\/2025\/11\/il_794xN.4038769817_lz82-600x400.webp 600w, https:\/\/newbotay.shop\/wp-content\/uploads\/2025\/11\/il_794xN.4038769817_lz82-130x87.webp 130w\" alt=\"\" width=\"794\" height=\"529\" \/><br \/>\n<img decoding=\"async\" src=\"https:\/\/newbotay.shop\/wp-content\/uploads\/2025\/11\/il_794xN.4038769239_lr17.webp\" sizes=\"(max-width: 794px) 100vw, 794px\" srcset=\"https:\/\/newbotay.shop\/wp-content\/uploads\/2025\/11\/il_794xN.4038769239_lr17.webp 794w, https:\/\/newbotay.shop\/wp-content\/uploads\/2025\/11\/il_794xN.4038769239_lr17-300x200.webp 300w, https:\/\/newbotay.shop\/wp-content\/uploads\/2025\/11\/il_794xN.4038769239_lr17-768x512.webp 768w, https:\/\/newbotay.shop\/wp-content\/uploads\/2025\/11\/il_794xN.4038769239_lr17-18x12.webp 18w, https:\/\/newbotay.shop\/wp-content\/uploads\/2025\/11\/il_794xN.4038769239_lr17-60x40.webp 60w, https:\/\/newbotay.shop\/wp-content\/uploads\/2025\/11\/il_794xN.4038769239_lr17-110x73.webp 110w, https:\/\/newbotay.shop\/wp-content\/uploads\/2025\/11\/il_794xN.4038769239_lr17-600x400.webp 600w, https:\/\/newbotay.shop\/wp-content\/uploads\/2025\/11\/il_794xN.4038769239_lr17-130x87.webp 130w\" alt=\"\" width=\"794\" height=\"529\" \/><br \/>\n<img decoding=\"async\" src=\"https:\/\/newbotay.shop\/wp-content\/uploads\/2025\/11\/il_794xN.3991137960_8kp7.webp\" sizes=\"(max-width: 794px) 100vw, 794px\" srcset=\"https:\/\/newbotay.shop\/wp-content\/uploads\/2025\/11\/il_794xN.3991137960_8kp7.webp 794w, https:\/\/newbotay.shop\/wp-content\/uploads\/2025\/11\/il_794xN.3991137960_8kp7-300x200.webp 300w, https:\/\/newbotay.shop\/wp-content\/uploads\/2025\/11\/il_794xN.3991137960_8kp7-768x512.webp 768w, https:\/\/newbotay.shop\/wp-content\/uploads\/2025\/11\/il_794xN.3991137960_8kp7-18x12.webp 18w, https:\/\/newbotay.shop\/wp-content\/uploads\/2025\/11\/il_794xN.3991137960_8kp7-60x40.webp 60w, https:\/\/newbotay.shop\/wp-content\/uploads\/2025\/11\/il_794xN.3991137960_8kp7-110x73.webp 110w, https:\/\/newbotay.shop\/wp-content\/uploads\/2025\/11\/il_794xN.3991137960_8kp7-600x400.webp 600w, https:\/\/newbotay.shop\/wp-content\/uploads\/2025\/11\/il_794xN.3991137960_8kp7-130x87.webp 130w\" alt=\"\" width=\"794\" height=\"529\" \/><\/p>\n<ul>\n<li>El mazap\u00e1n belga es uno de los mejores del mundo, con ingredientes de muy alta calidad, todos 100% frescos y naturales<\/li>\n<li>Suave y terso, con exquisitos sabores frutales<\/li>\n<li>Mazap\u00e1n grande y fresco de colores vibrantes<\/li>\n<li>Formas mixtas de manzanas, peras, fresas, pl\u00e1tanos, limones y zanahorias<\/li>\n<li>Mazap\u00e1n belga Leonidas fresco.<\/li>\n<\/ul>","protected":false},"excerpt":{"rendered":"<p>Belgian marzipan is one of the best in the world, using very high quality ingredients, all 100% fresh and natural Soft and smooth with exquisite fruit flavours Large and fresh marzipan in vibrant colours Mixed shapes of apples, pears, strawberries, bananas, lemons and carrots Fresh Leonidas Belgian marzipan.<\/p>","protected":false},"featured_media":2063,"comment_status":"open","ping_status":"closed","template":"","meta":{"_acf_changed":false},"product_brand":[],"product_cat":[41],"product_tag":[],"class_list":{"0":"post-2062","1":"product","2":"type-product","3":"status-publish","4":"has-post-thumbnail","6":"product_cat-home-living","8":"first","9":"instock","10":"sale","11":"shipping-taxable","12":"purchasable","13":"product-type-simple"},"acf":[],"_links":{"self":[{"href":"https:\/\/exclusivecontent.shop\/es\/wp-json\/wp\/v2\/product\/2062","targetHints":{"allow":["GET"]}}],"collection":[{"href":"https:\/\/exclusivecontent.shop\/es\/wp-json\/wp\/v2\/product"}],"about":[{"href":"https:\/\/exclusivecontent.shop\/es\/wp-json\/wp\/v2\/types\/product"}],"replies":[{"embeddable":true,"href":"https:\/\/exclusivecontent.shop\/es\/wp-json\/wp\/v2\/comments?post=2062"}],"version-history":[{"count":1,"href":"https:\/\/exclusivecontent.shop\/es\/wp-json\/wp\/v2\/product\/2062\/revisions"}],"predecessor-version":[{"id":2064,"href":"https:\/\/exclusivecontent.shop\/es\/wp-json\/wp\/v2\/product\/2062\/revisions\/2064"}],"wp:featuredmedia":[{"embeddable":true,"href":"https:\/\/exclusivecontent.shop\/es\/wp-json\/wp\/v2\/media\/2063"}],"wp:attachment":[{"href":"https:\/\/exclusivecontent.shop\/es\/wp-json\/wp\/v2\/media?parent=2062"}],"wp:term":[{"taxonomy":"product_brand","embeddable":true,"href":"https:\/\/exclusivecontent.shop\/es\/wp-json\/wp\/v2\/product_brand?post=2062"},{"taxonomy":"product_cat","embeddable":true,"href":"https:\/\/exclusivecontent.shop\/es\/wp-json\/wp\/v2\/product_cat?post=2062"},{"taxonomy":"product_tag","embeddable":true,"href":"https:\/\/exclusivecontent.shop\/es\/wp-json\/wp\/v2\/product_tag?post=2062"}],"curies":[{"name":"wp","href":"https:\/\/api.w.org\/{rel}","templated":true}]}}