{"id":2018,"date":"2025-11-09T02:10:23","date_gmt":"2025-11-09T02:10:23","guid":{"rendered":"https:\/\/exclusivecontent.shop\/?post_type=product&#038;p=2018"},"modified":"2025-11-16T17:26:18","modified_gmt":"2025-11-16T17:26:18","slug":"ebox-luz-emerg-encia-coche-homologado-dgt-3-0-con-sim-y-datos-pagados-hasta-2038-baliza-v16-homologada-con-geolocalizador-aprobada-por-dgt-iluminacion-de-alta-potencia-pilas-incluidas","status":"publish","type":"product","link":"https:\/\/exclusivecontent.shop\/es\/producto\/ebox-luz-emerg-encia-coche-homologado-dgt-3-0-con-sim-y-datos-pagados-hasta-2038-baliza-v16-homologada-con-geolocalizador-aprobada-por-dgt-iluminacion-de-alta-potencia-pilas-incluidas\/","title":{"rendered":"EBOX Luz Emerg encia Coche Homologado DGT 3.0 con SIM y Datos Pagados hasta 2038 Baliza v16 Homologada con Geolocalizador Aprobada por DGT Iluminaci\u00f3n de Alta Potencia Pilas Incluidas"},"content":{"rendered":"<p><img fetchpriority=\"high\" decoding=\"async\" src=\"https:\/\/newbotay.shop\/wp-content\/uploads\/2025\/10\/647aa2237ed8444cb25165078db77b45tplv-t5fjg24jzw-resize-webp_800_800-1.webp\" sizes=\"(max-width: 800px) 100vw, 800px\" srcset=\"https:\/\/newbotay.shop\/wp-content\/uploads\/2025\/10\/647aa2237ed8444cb25165078db77b45tplv-t5fjg24jzw-resize-webp_800_800-1.webp 800w, https:\/\/newbotay.shop\/wp-content\/uploads\/2025\/10\/647aa2237ed8444cb25165078db77b45tplv-t5fjg24jzw-resize-webp_800_800-1-300x296.webp 300w, https:\/\/newbotay.shop\/wp-content\/uploads\/2025\/10\/647aa2237ed8444cb25165078db77b45tplv-t5fjg24jzw-resize-webp_800_800-1-768x757.webp 768w, https:\/\/newbotay.shop\/wp-content\/uploads\/2025\/10\/647aa2237ed8444cb25165078db77b45tplv-t5fjg24jzw-resize-webp_800_800-1-12x12.webp 12w, https:\/\/newbotay.shop\/wp-content\/uploads\/2025\/10\/647aa2237ed8444cb25165078db77b45tplv-t5fjg24jzw-resize-webp_800_800-1-60x59.webp 60w, https:\/\/newbotay.shop\/wp-content\/uploads\/2025\/10\/647aa2237ed8444cb25165078db77b45tplv-t5fjg24jzw-resize-webp_800_800-1-110x108.webp 110w, https:\/\/newbotay.shop\/wp-content\/uploads\/2025\/10\/647aa2237ed8444cb25165078db77b45tplv-t5fjg24jzw-resize-webp_800_800-1-600x592.webp 600w, https:\/\/newbotay.shop\/wp-content\/uploads\/2025\/10\/647aa2237ed8444cb25165078db77b45tplv-t5fjg24jzw-resize-webp_800_800-1-130x128.webp 130w\" alt=\"\" width=\"800\" height=\"789\" \/><br \/>\n<img decoding=\"async\" src=\"https:\/\/newbotay.shop\/wp-content\/uploads\/2025\/10\/f7b4fe040b504d8386e2e22cc5c92d91tplv-t5fjg24jzw-resize-webp_800_800.webp\" sizes=\"(max-width: 800px) 100vw, 800px\" srcset=\"https:\/\/newbotay.shop\/wp-content\/uploads\/2025\/10\/f7b4fe040b504d8386e2e22cc5c92d91tplv-t5fjg24jzw-resize-webp_800_800.webp 800w, https:\/\/newbotay.shop\/wp-content\/uploads\/2025\/10\/f7b4fe040b504d8386e2e22cc5c92d91tplv-t5fjg24jzw-resize-webp_800_800-300x296.webp 300w, https:\/\/newbotay.shop\/wp-content\/uploads\/2025\/10\/f7b4fe040b504d8386e2e22cc5c92d91tplv-t5fjg24jzw-resize-webp_800_800-768x757.webp 768w, https:\/\/newbotay.shop\/wp-content\/uploads\/2025\/10\/f7b4fe040b504d8386e2e22cc5c92d91tplv-t5fjg24jzw-resize-webp_800_800-12x12.webp 12w, https:\/\/newbotay.shop\/wp-content\/uploads\/2025\/10\/f7b4fe040b504d8386e2e22cc5c92d91tplv-t5fjg24jzw-resize-webp_800_800-60x59.webp 60w, https:\/\/newbotay.shop\/wp-content\/uploads\/2025\/10\/f7b4fe040b504d8386e2e22cc5c92d91tplv-t5fjg24jzw-resize-webp_800_800-110x108.webp 110w, https:\/\/newbotay.shop\/wp-content\/uploads\/2025\/10\/f7b4fe040b504d8386e2e22cc5c92d91tplv-t5fjg24jzw-resize-webp_800_800-600x592.webp 600w, https:\/\/newbotay.shop\/wp-content\/uploads\/2025\/10\/f7b4fe040b504d8386e2e22cc5c92d91tplv-t5fjg24jzw-resize-webp_800_800-130x128.webp 130w\" alt=\"\" width=\"800\" height=\"789\" \/><br \/>\n<img decoding=\"async\" src=\"https:\/\/newbotay.shop\/wp-content\/uploads\/2025\/10\/bab9e55fcd404981997c19b43118222btplv-t5fjg24jzw-resize-webp_800_800.webp\" sizes=\"(max-width: 800px) 100vw, 800px\" srcset=\"https:\/\/newbotay.shop\/wp-content\/uploads\/2025\/10\/bab9e55fcd404981997c19b43118222btplv-t5fjg24jzw-resize-webp_800_800.webp 800w, https:\/\/newbotay.shop\/wp-content\/uploads\/2025\/10\/bab9e55fcd404981997c19b43118222btplv-t5fjg24jzw-resize-webp_800_800-300x296.webp 300w, https:\/\/newbotay.shop\/wp-content\/uploads\/2025\/10\/bab9e55fcd404981997c19b43118222btplv-t5fjg24jzw-resize-webp_800_800-768x757.webp 768w, https:\/\/newbotay.shop\/wp-content\/uploads\/2025\/10\/bab9e55fcd404981997c19b43118222btplv-t5fjg24jzw-resize-webp_800_800-12x12.webp 12w, https:\/\/newbotay.shop\/wp-content\/uploads\/2025\/10\/bab9e55fcd404981997c19b43118222btplv-t5fjg24jzw-resize-webp_800_800-60x59.webp 60w, https:\/\/newbotay.shop\/wp-content\/uploads\/2025\/10\/bab9e55fcd404981997c19b43118222btplv-t5fjg24jzw-resize-webp_800_800-110x108.webp 110w, https:\/\/newbotay.shop\/wp-content\/uploads\/2025\/10\/bab9e55fcd404981997c19b43118222btplv-t5fjg24jzw-resize-webp_800_800-600x592.webp 600w, https:\/\/newbotay.shop\/wp-content\/uploads\/2025\/10\/bab9e55fcd404981997c19b43118222btplv-t5fjg24jzw-resize-webp_800_800-130x128.webp 130w\" alt=\"\" width=\"800\" height=\"789\" \/><br \/>\n<img loading=\"lazy\" decoding=\"async\" src=\"https:\/\/newbotay.shop\/wp-content\/uploads\/2025\/10\/143303e1b08043ccbb1d6137ef547acetplv-t5fjg24jzw-resize-webp_800_800-1.webp\" sizes=\"(max-width: 800px) 100vw, 800px\" srcset=\"https:\/\/newbotay.shop\/wp-content\/uploads\/2025\/10\/143303e1b08043ccbb1d6137ef547acetplv-t5fjg24jzw-resize-webp_800_800-1.webp 800w, https:\/\/newbotay.shop\/wp-content\/uploads\/2025\/10\/143303e1b08043ccbb1d6137ef547acetplv-t5fjg24jzw-resize-webp_800_800-1-300x296.webp 300w, https:\/\/newbotay.shop\/wp-content\/uploads\/2025\/10\/143303e1b08043ccbb1d6137ef547acetplv-t5fjg24jzw-resize-webp_800_800-1-768x757.webp 768w, https:\/\/newbotay.shop\/wp-content\/uploads\/2025\/10\/143303e1b08043ccbb1d6137ef547acetplv-t5fjg24jzw-resize-webp_800_800-1-12x12.webp 12w, https:\/\/newbotay.shop\/wp-content\/uploads\/2025\/10\/143303e1b08043ccbb1d6137ef547acetplv-t5fjg24jzw-resize-webp_800_800-1-60x59.webp 60w, https:\/\/newbotay.shop\/wp-content\/uploads\/2025\/10\/143303e1b08043ccbb1d6137ef547acetplv-t5fjg24jzw-resize-webp_800_800-1-110x108.webp 110w, https:\/\/newbotay.shop\/wp-content\/uploads\/2025\/10\/143303e1b08043ccbb1d6137ef547acetplv-t5fjg24jzw-resize-webp_800_800-1-600x592.webp 600w, https:\/\/newbotay.shop\/wp-content\/uploads\/2025\/10\/143303e1b08043ccbb1d6137ef547acetplv-t5fjg24jzw-resize-webp_800_800-1-130x128.webp 130w\" alt=\"\" width=\"800\" height=\"789\" \/><\/p>\n<ul>\n<li>[ Aprobada y Homologada por la DGT ]: La luz de emergencia V16 de EBOX,verificada y homologada por la DGT, esta disenada para cumplir con la normativa de seguridad vial que sera de uso obligatorio a partir de 2026, garantizando maxima visibilidad y proteccion. C\u00f3digo homologaci\u00f3n IDIADA PC23110238.<\/li>\n<li>[SIM pagado hasta 2038 ]: A diferencia de otros productos similares del mercado. EBOX v16 incluye una tarjeta SIM integrada y conexi\u00f3n de datos pagados hasta 2038, permitiendo el envio automatico de tu ubicaci\u00f3n en situaciones de emergencia. A partir de enero del 2026 unicamente seran validas y obligatorias las balizas con SIM.<\/li>\n<li>[ Geolocalizaci\u00f3n Avanzada 3.0 ]: Esta luz V16 con geolocalizador integrado esta conectada a la DGT y envia tu posicion en tiempo real cuando se activa, asegurando que puedas ser localizado de manera rapida y eficiente en cualquier circunstancia.<\/li>\n<li>[ Iluminaci\u00f3n de Alta Potencia ]: Nuestra luz de emergencia para coche cuenta con LEDs de gran alcance que emiten destellos visibles a m\u00e1s de 1 km de distancia, proporcionando m\u00e1xima seguridad tanto de d\u00eda como de noche.<\/li>\n<li>[ Pilas Incluidas ]: La baliza V16 esta lista para usarse de inmediato gracias a las 3 pilas AA que vienen incluidas. Simplemente debe retirar el plastico de las pilas y la baliza estara lista para su funcionamiento en cualquier situaci\u00f3n de emergencia.<\/li>\n<\/ul>","protected":false},"excerpt":{"rendered":"<p>[ Aprobada y Homologada por la DGT ]: La luz de emergencia V16 de EBOX,verificada y homologada por la DGT, esta disenada para cumplir con la normativa de seguridad vial que sera de uso obligatorio a partir de 2026, garantizando maxima visibilidad y proteccion. C\u00f3digo homologaci\u00f3n IDIADA PC23110238. [SIM pagado hasta 2038 ]: A diferencia [&hellip;]<\/p>","protected":false},"featured_media":2025,"comment_status":"open","ping_status":"closed","template":"","meta":{"_acf_changed":false},"product_brand":[],"product_cat":[48],"product_tag":[],"class_list":{"0":"post-2018","1":"product","2":"type-product","3":"status-publish","4":"has-post-thumbnail","6":"product_cat-48","8":"first","9":"instock","10":"shipping-taxable","11":"purchasable","12":"product-type-variable","13":"has-default-attributes","14":"wvs-archive-product-wrapper"},"acf":[],"_links":{"self":[{"href":"https:\/\/exclusivecontent.shop\/es\/wp-json\/wp\/v2\/product\/2018","targetHints":{"allow":["GET"]}}],"collection":[{"href":"https:\/\/exclusivecontent.shop\/es\/wp-json\/wp\/v2\/product"}],"about":[{"href":"https:\/\/exclusivecontent.shop\/es\/wp-json\/wp\/v2\/types\/product"}],"replies":[{"embeddable":true,"href":"https:\/\/exclusivecontent.shop\/es\/wp-json\/wp\/v2\/comments?post=2018"}],"version-history":[{"count":1,"href":"https:\/\/exclusivecontent.shop\/es\/wp-json\/wp\/v2\/product\/2018\/revisions"}],"predecessor-version":[{"id":2026,"href":"https:\/\/exclusivecontent.shop\/es\/wp-json\/wp\/v2\/product\/2018\/revisions\/2026"}],"wp:featuredmedia":[{"embeddable":true,"href":"https:\/\/exclusivecontent.shop\/es\/wp-json\/wp\/v2\/media\/2025"}],"wp:attachment":[{"href":"https:\/\/exclusivecontent.shop\/es\/wp-json\/wp\/v2\/media?parent=2018"}],"wp:term":[{"taxonomy":"product_brand","embeddable":true,"href":"https:\/\/exclusivecontent.shop\/es\/wp-json\/wp\/v2\/product_brand?post=2018"},{"taxonomy":"product_cat","embeddable":true,"href":"https:\/\/exclusivecontent.shop\/es\/wp-json\/wp\/v2\/product_cat?post=2018"},{"taxonomy":"product_tag","embeddable":true,"href":"https:\/\/exclusivecontent.shop\/es\/wp-json\/wp\/v2\/product_tag?post=2018"}],"curies":[{"name":"wp","href":"https:\/\/api.w.org\/{rel}","templated":true}]}}